{"id":2142,"date":"2024-06-26T15:45:39","date_gmt":"2024-06-26T13:45:39","guid":{"rendered":"https:\/\/www.casadecomidas-restaurante.com\/wines\/"},"modified":"2026-02-16T16:29:46","modified_gmt":"2026-02-16T15:29:46","slug":"wines","status":"publish","type":"page","link":"https:\/\/www.casadecomidas-restaurante.com\/es\/wines\/","title":{"rendered":"Bodega"},"content":{"rendered":"\t\t<div data-elementor-type=\"wp-page\" data-elementor-id=\"2142\" class=\"elementor elementor-2142 elementor-1987\">\n\t\t\t\t\t\t<section class=\"elementor-section elementor-top-section elementor-element elementor-element-f900a8b elementor-section-full_width elementor-section-height-default elementor-section-height-default\" data-id=\"f900a8b\" data-element_type=\"section\" data-e-type=\"section\" data-settings=\"{&quot;background_background&quot;:&quot;classic&quot;}\">\n\t\t\t\t\t\t<div class=\"elementor-container elementor-column-gap-default\">\n\t\t\t\t\t<div class=\"elementor-column elementor-col-100 elementor-top-column elementor-element elementor-element-7b58913\" data-id=\"7b58913\" data-element_type=\"column\" data-e-type=\"column\" data-settings=\"{&quot;background_background&quot;:&quot;classic&quot;}\">\n\t\t\t<div class=\"elementor-widget-wrap elementor-element-populated\">\n\t\t\t\t\t\t<section class=\"elementor-section elementor-inner-section elementor-element elementor-element-e21b6f1 elementor-section-boxed elementor-section-height-default elementor-section-height-default\" data-id=\"e21b6f1\" data-element_type=\"section\" data-e-type=\"section\">\n\t\t\t\t\t\t<div class=\"elementor-container elementor-column-gap-default\">\n\t\t\t\t\t<div class=\"elementor-column elementor-col-100 elementor-inner-column elementor-element elementor-element-ac32020\" data-id=\"ac32020\" data-element_type=\"column\" data-e-type=\"column\">\n\t\t\t<div class=\"elementor-widget-wrap elementor-element-populated\">\n\t\t\t\t\t\t<div class=\"elementor-element elementor-element-f3ea9b1 elementor-widget elementor-widget-heading\" data-id=\"f3ea9b1\" data-element_type=\"widget\" data-e-type=\"widget\" data-widget_type=\"heading.default\">\n\t\t\t\t<div class=\"elementor-widget-container\">\n\t\t\t\t\t<h1 class=\"elementor-heading-title elementor-size-default\">Bodega<\/h1>\t\t\t\t<\/div>\n\t\t\t\t<\/div>\n\t\t\t\t\t<\/div>\n\t\t<\/div>\n\t\t\t\t\t<\/div>\n\t\t<\/section>\n\t\t\t\t<section class=\"elementor-section elementor-inner-section elementor-element elementor-element-df13f2c elementor-section-boxed elementor-section-height-default elementor-section-height-default\" data-id=\"df13f2c\" data-element_type=\"section\" data-e-type=\"section\">\n\t\t\t\t\t\t<div class=\"elementor-container elementor-column-gap-default\">\n\t\t\t\t\t<div class=\"elementor-column elementor-col-100 elementor-inner-column elementor-element elementor-element-054709d\" data-id=\"054709d\" data-element_type=\"column\" data-e-type=\"column\" data-settings=\"{&quot;background_background&quot;:&quot;classic&quot;}\">\n\t\t\t<div class=\"elementor-widget-wrap elementor-element-populated\">\n\t\t\t\t\t\t<div class=\"elementor-element elementor-element-60abd70 elementor-widget elementor-widget-text-editor\" data-id=\"60abd70\" data-element_type=\"widget\" data-e-type=\"widget\" data-widget_type=\"text-editor.default\">\n\t\t\t\t<div class=\"elementor-widget-container\">\n\t\t\t\t\t\t\t\t\t<p>Casa de Comidas cuenta con una carta de vinos que complementan a la perfecci\u00f3n la propuesta gastron\u00f3mica del restaurante. Comparten espacio champanes de grandes casas con espumosos, blancos y rosados y, con un especial protagonismo, el restaurante ofrece una gran selecci\u00f3n de vinos tintos de las principales Denominaciones de Origen espa\u00f1olas.<\/p>\t\t\t\t\t\t\t\t<\/div>\n\t\t\t\t<\/div>\n\t\t\t\t<div class=\"elementor-element elementor-element-6d381a4 elementor-align-center botonleermasinterior elementor-widget elementor-widget-button\" data-id=\"6d381a4\" data-element_type=\"widget\" data-e-type=\"widget\" data-widget_type=\"button.default\">\n\t\t\t\t<div class=\"elementor-widget-container\">\n\t\t\t\t\t\t\t\t\t<div class=\"elementor-button-wrapper\">\n\t\t\t\t\t<a class=\"elementor-button elementor-button-link elementor-size-md\" href=\"https:\/\/www.casadecomidas-restaurante.com\/wp-content\/uploads\/sites\/14\/2026\/02\/Carta-VINOS-CDCxPAGS.pdf\" target=\"_blank\" rel=\"nofollow\">\n\t\t\t\t\t\t<span class=\"elementor-button-content-wrapper\">\n\t\t\t\t\t\t\t\t\t<span class=\"elementor-button-text\">MEN\u00da<\/span>\n\t\t\t\t\t<\/span>\n\t\t\t\t\t<\/a>\n\t\t\t\t<\/div>\n\t\t\t\t\t\t\t\t<\/div>\n\t\t\t\t<\/div>\n\t\t\t\t\t<\/div>\n\t\t<\/div>\n\t\t\t\t\t<\/div>\n\t\t<\/section>\n\t\t\t\t<section class=\"elementor-section elementor-inner-section elementor-element elementor-element-9dbec70 elementor-section-boxed elementor-section-height-default elementor-section-height-default\" data-id=\"9dbec70\" data-element_type=\"section\" data-e-type=\"section\">\n\t\t\t\t\t\t<div class=\"elementor-container elementor-column-gap-default\">\n\t\t\t\t\t<div class=\"elementor-column elementor-col-100 elementor-inner-column elementor-element elementor-element-ca5b878\" data-id=\"ca5b878\" data-element_type=\"column\" data-e-type=\"column\">\n\t\t\t<div class=\"elementor-widget-wrap elementor-element-populated\">\n\t\t\t\t\t\t<div class=\"elementor-element elementor-element-ad0c616 elementor-widget elementor-widget-image\" data-id=\"ad0c616\" data-element_type=\"widget\" data-e-type=\"widget\" data-widget_type=\"image.default\">\n\t\t\t\t<div class=\"elementor-widget-container\">\n\t\t\t\t\t\t\t\t\t\t\t\t\t\t\t<img fetchpriority=\"high\" decoding=\"async\" width=\"2000\" height=\"1333\" src=\"https:\/\/www.casadecomidas-restaurante.com\/wp-content\/uploads\/sites\/14\/2024\/06\/casa-de-comidas-leer-mas-20240626-2.jpg\" class=\"attachment-full size-full wp-image-1965\" alt=\"\" srcset=\"https:\/\/www.casadecomidas-restaurante.com\/wp-content\/uploads\/sites\/14\/2024\/06\/casa-de-comidas-leer-mas-20240626-2.jpg 2000w, https:\/\/www.casadecomidas-restaurante.com\/wp-content\/uploads\/sites\/14\/2024\/06\/casa-de-comidas-leer-mas-20240626-2-300x200.jpg 300w, https:\/\/www.casadecomidas-restaurante.com\/wp-content\/uploads\/sites\/14\/2024\/06\/casa-de-comidas-leer-mas-20240626-2-1024x682.jpg 1024w, https:\/\/www.casadecomidas-restaurante.com\/wp-content\/uploads\/sites\/14\/2024\/06\/casa-de-comidas-leer-mas-20240626-2-768x512.jpg 768w, https:\/\/www.casadecomidas-restaurante.com\/wp-content\/uploads\/sites\/14\/2024\/06\/casa-de-comidas-leer-mas-20240626-2-1536x1024.jpg 1536w\" sizes=\"(max-width: 2000px) 100vw, 2000px\" \/>\t\t\t\t\t\t\t\t\t\t\t\t\t\t\t<\/div>\n\t\t\t\t<\/div>\n\t\t\t\t\t<\/div>\n\t\t<\/div>\n\t\t\t\t\t<\/div>\n\t\t<\/section>\n\t\t\t\t\t<\/div>\n\t\t<\/div>\n\t\t\t\t\t<\/div>\n\t\t<\/section>\n\t\t\t\t<\/div>\n\t\t","protected":false},"excerpt":{"rendered":"<p>Bodega Casa de Comidas cuenta con una carta de vinos que complementan a la perfecci\u00f3n la propuesta gastron\u00f3mica del restaurante. Comparten espacio champanes de grandes casas con espumosos, blancos y rosados y, con un especial protagonismo, el restaurante ofrece una gran selecci\u00f3n de vinos tintos de las principales Denominaciones de Origen espa\u00f1olas. MEN\u00da<\/p>\n","protected":false},"author":1,"featured_media":0,"parent":0,"menu_order":0,"comment_status":"closed","ping_status":"closed","template":"","meta":{"_acf_changed":false,"footnotes":""},"class_list":["post-2142","page","type-page","status-publish","hentry"],"acf":[],"yoast_head":"<!-- This site is optimized with the Yoast SEO plugin v27.4 - https:\/\/yoast.com\/product\/yoast-seo-wordpress\/ -->\n<title>Bodega - Casa de Comidas<\/title>\n<meta name=\"robots\" content=\"index, follow, max-snippet:-1, max-image-preview:large, max-video-preview:-1\" \/>\n<link rel=\"canonical\" href=\"https:\/\/www.casadecomidas-restaurante.com\/es\/wines\/\" \/>\n<meta property=\"og:locale\" content=\"es_ES\" \/>\n<meta property=\"og:type\" content=\"article\" \/>\n<meta property=\"og:title\" content=\"Bodega - Casa de Comidas\" \/>\n<meta property=\"og:description\" content=\"Bodega Casa de Comidas cuenta con una carta de vinos que complementan a la perfecci\u00f3n la propuesta gastron\u00f3mica del restaurante. Comparten espacio champanes de grandes casas con espumosos, blancos y rosados y, con un especial protagonismo, el restaurante ofrece una gran selecci\u00f3n de vinos tintos de las principales Denominaciones de Origen espa\u00f1olas. MEN\u00da\" \/>\n<meta property=\"og:url\" content=\"https:\/\/www.casadecomidas-restaurante.com\/es\/wines\/\" \/>\n<meta property=\"og:site_name\" content=\"Casa de Comidas\" \/>\n<meta property=\"article:modified_time\" content=\"2026-02-16T15:29:46+00:00\" \/>\n<meta property=\"og:image\" content=\"https:\/\/www.casadecomidas-restaurante.com\/wp-content\/uploads\/sites\/14\/2024\/06\/casa-de-comidas-leer-mas-20240626-2.jpg\" \/>\n\t<meta property=\"og:image:width\" content=\"2000\" \/>\n\t<meta property=\"og:image:height\" content=\"1333\" \/>\n\t<meta property=\"og:image:type\" content=\"image\/jpeg\" \/>\n<script type=\"application\/ld+json\" class=\"yoast-schema-graph\">{\"@context\":\"https:\\\/\\\/schema.org\",\"@graph\":[{\"@type\":\"WebPage\",\"@id\":\"https:\\\/\\\/www.casadecomidas-restaurante.com\\\/es\\\/wines\\\/\",\"url\":\"https:\\\/\\\/www.casadecomidas-restaurante.com\\\/es\\\/wines\\\/\",\"name\":\"Bodega - Casa de Comidas\",\"isPartOf\":{\"@id\":\"https:\\\/\\\/www.casadecomidas-restaurante.com\\\/es\\\/#website\"},\"primaryImageOfPage\":{\"@id\":\"https:\\\/\\\/www.casadecomidas-restaurante.com\\\/es\\\/wines\\\/#primaryimage\"},\"image\":{\"@id\":\"https:\\\/\\\/www.casadecomidas-restaurante.com\\\/es\\\/wines\\\/#primaryimage\"},\"thumbnailUrl\":\"https:\\\/\\\/www.casadecomidas-restaurante.com\\\/wp-content\\\/uploads\\\/sites\\\/14\\\/2024\\\/06\\\/casa-de-comidas-leer-mas-20240626-2.jpg\",\"datePublished\":\"2024-06-26T13:45:39+00:00\",\"dateModified\":\"2026-02-16T15:29:46+00:00\",\"breadcrumb\":{\"@id\":\"https:\\\/\\\/www.casadecomidas-restaurante.com\\\/es\\\/wines\\\/#breadcrumb\"},\"inLanguage\":\"es\",\"potentialAction\":[{\"@type\":\"ReadAction\",\"target\":[\"https:\\\/\\\/www.casadecomidas-restaurante.com\\\/es\\\/wines\\\/\"]}]},{\"@type\":\"ImageObject\",\"inLanguage\":\"es\",\"@id\":\"https:\\\/\\\/www.casadecomidas-restaurante.com\\\/es\\\/wines\\\/#primaryimage\",\"url\":\"https:\\\/\\\/www.casadecomidas-restaurante.com\\\/wp-content\\\/uploads\\\/sites\\\/14\\\/2024\\\/06\\\/casa-de-comidas-leer-mas-20240626-2.jpg\",\"contentUrl\":\"https:\\\/\\\/www.casadecomidas-restaurante.com\\\/wp-content\\\/uploads\\\/sites\\\/14\\\/2024\\\/06\\\/casa-de-comidas-leer-mas-20240626-2.jpg\"},{\"@type\":\"BreadcrumbList\",\"@id\":\"https:\\\/\\\/www.casadecomidas-restaurante.com\\\/es\\\/wines\\\/#breadcrumb\",\"itemListElement\":[{\"@type\":\"ListItem\",\"position\":1,\"name\":\"Home\",\"item\":\"https:\\\/\\\/www.casadecomidas-restaurante.com\\\/es\\\/\"},{\"@type\":\"ListItem\",\"position\":2,\"name\":\"Bodega\"}]},{\"@type\":\"WebSite\",\"@id\":\"https:\\\/\\\/www.casadecomidas-restaurante.com\\\/es\\\/#website\",\"url\":\"https:\\\/\\\/www.casadecomidas-restaurante.com\\\/es\\\/\",\"name\":\"Casa de Comidas\",\"description\":\"\",\"potentialAction\":[{\"@type\":\"SearchAction\",\"target\":{\"@type\":\"EntryPoint\",\"urlTemplate\":\"https:\\\/\\\/www.casadecomidas-restaurante.com\\\/es\\\/?s={search_term_string}\"},\"query-input\":{\"@type\":\"PropertyValueSpecification\",\"valueRequired\":true,\"valueName\":\"search_term_string\"}}],\"inLanguage\":\"es\"}]}<\/script>\n<!-- \/ Yoast SEO plugin. -->","yoast_head_json":{"title":"Bodega - Casa de Comidas","robots":{"index":"index","follow":"follow","max-snippet":"max-snippet:-1","max-image-preview":"max-image-preview:large","max-video-preview":"max-video-preview:-1"},"canonical":"https:\/\/www.casadecomidas-restaurante.com\/es\/wines\/","og_locale":"es_ES","og_type":"article","og_title":"Bodega - Casa de Comidas","og_description":"Bodega Casa de Comidas cuenta con una carta de vinos que complementan a la perfecci\u00f3n la propuesta gastron\u00f3mica del restaurante. Comparten espacio champanes de grandes casas con espumosos, blancos y rosados y, con un especial protagonismo, el restaurante ofrece una gran selecci\u00f3n de vinos tintos de las principales Denominaciones de Origen espa\u00f1olas. MEN\u00da","og_url":"https:\/\/www.casadecomidas-restaurante.com\/es\/wines\/","og_site_name":"Casa de Comidas","article_modified_time":"2026-02-16T15:29:46+00:00","og_image":[{"width":2000,"height":1333,"url":"https:\/\/www.casadecomidas-restaurante.com\/wp-content\/uploads\/sites\/14\/2024\/06\/casa-de-comidas-leer-mas-20240626-2.jpg","type":"image\/jpeg"}],"schema":{"@context":"https:\/\/schema.org","@graph":[{"@type":"WebPage","@id":"https:\/\/www.casadecomidas-restaurante.com\/es\/wines\/","url":"https:\/\/www.casadecomidas-restaurante.com\/es\/wines\/","name":"Bodega - Casa de Comidas","isPartOf":{"@id":"https:\/\/www.casadecomidas-restaurante.com\/es\/#website"},"primaryImageOfPage":{"@id":"https:\/\/www.casadecomidas-restaurante.com\/es\/wines\/#primaryimage"},"image":{"@id":"https:\/\/www.casadecomidas-restaurante.com\/es\/wines\/#primaryimage"},"thumbnailUrl":"https:\/\/www.casadecomidas-restaurante.com\/wp-content\/uploads\/sites\/14\/2024\/06\/casa-de-comidas-leer-mas-20240626-2.jpg","datePublished":"2024-06-26T13:45:39+00:00","dateModified":"2026-02-16T15:29:46+00:00","breadcrumb":{"@id":"https:\/\/www.casadecomidas-restaurante.com\/es\/wines\/#breadcrumb"},"inLanguage":"es","potentialAction":[{"@type":"ReadAction","target":["https:\/\/www.casadecomidas-restaurante.com\/es\/wines\/"]}]},{"@type":"ImageObject","inLanguage":"es","@id":"https:\/\/www.casadecomidas-restaurante.com\/es\/wines\/#primaryimage","url":"https:\/\/www.casadecomidas-restaurante.com\/wp-content\/uploads\/sites\/14\/2024\/06\/casa-de-comidas-leer-mas-20240626-2.jpg","contentUrl":"https:\/\/www.casadecomidas-restaurante.com\/wp-content\/uploads\/sites\/14\/2024\/06\/casa-de-comidas-leer-mas-20240626-2.jpg"},{"@type":"BreadcrumbList","@id":"https:\/\/www.casadecomidas-restaurante.com\/es\/wines\/#breadcrumb","itemListElement":[{"@type":"ListItem","position":1,"name":"Home","item":"https:\/\/www.casadecomidas-restaurante.com\/es\/"},{"@type":"ListItem","position":2,"name":"Bodega"}]},{"@type":"WebSite","@id":"https:\/\/www.casadecomidas-restaurante.com\/es\/#website","url":"https:\/\/www.casadecomidas-restaurante.com\/es\/","name":"Casa de Comidas","description":"","potentialAction":[{"@type":"SearchAction","target":{"@type":"EntryPoint","urlTemplate":"https:\/\/www.casadecomidas-restaurante.com\/es\/?s={search_term_string}"},"query-input":{"@type":"PropertyValueSpecification","valueRequired":true,"valueName":"search_term_string"}}],"inLanguage":"es"}]}},"_links":{"self":[{"href":"https:\/\/www.casadecomidas-restaurante.com\/es\/wp-json\/wp\/v2\/pages\/2142","targetHints":{"allow":["GET"]}}],"collection":[{"href":"https:\/\/www.casadecomidas-restaurante.com\/es\/wp-json\/wp\/v2\/pages"}],"about":[{"href":"https:\/\/www.casadecomidas-restaurante.com\/es\/wp-json\/wp\/v2\/types\/page"}],"author":[{"embeddable":true,"href":"https:\/\/www.casadecomidas-restaurante.com\/es\/wp-json\/wp\/v2\/users\/1"}],"replies":[{"embeddable":true,"href":"https:\/\/www.casadecomidas-restaurante.com\/es\/wp-json\/wp\/v2\/comments?post=2142"}],"version-history":[{"count":13,"href":"https:\/\/www.casadecomidas-restaurante.com\/es\/wp-json\/wp\/v2\/pages\/2142\/revisions"}],"predecessor-version":[{"id":2420,"href":"https:\/\/www.casadecomidas-restaurante.com\/es\/wp-json\/wp\/v2\/pages\/2142\/revisions\/2420"}],"wp:attachment":[{"href":"https:\/\/www.casadecomidas-restaurante.com\/es\/wp-json\/wp\/v2\/media?parent=2142"}],"curies":[{"name":"wp","href":"https:\/\/api.w.org\/{rel}","templated":true}]}}