{"id":2141,"date":"2024-03-20T18:50:32","date_gmt":"2024-03-20T17:50:32","guid":{"rendered":"https:\/\/www.casadecomidas-restaurante.com\/food\/"},"modified":"2024-07-08T12:17:34","modified_gmt":"2024-07-08T10:17:34","slug":"food","status":"publish","type":"page","link":"https:\/\/www.casadecomidas-restaurante.com\/es\/food\/","title":{"rendered":"\u00c0 la carte"},"content":{"rendered":"\t\t<div data-elementor-type=\"wp-page\" data-elementor-id=\"2141\" class=\"elementor elementor-2141 elementor-1281\">\n\t\t\t\t\t\t<section class=\"elementor-section elementor-top-section elementor-element elementor-element-f900a8b elementor-section-full_width elementor-section-height-default elementor-section-height-default\" data-id=\"f900a8b\" data-element_type=\"section\" data-e-type=\"section\" data-settings=\"{&quot;background_background&quot;:&quot;classic&quot;}\">\n\t\t\t\t\t\t<div class=\"elementor-container elementor-column-gap-default\">\n\t\t\t\t\t<div class=\"elementor-column elementor-col-100 elementor-top-column elementor-element elementor-element-7b58913\" data-id=\"7b58913\" data-element_type=\"column\" data-e-type=\"column\" data-settings=\"{&quot;background_background&quot;:&quot;classic&quot;}\">\n\t\t\t<div class=\"elementor-widget-wrap elementor-element-populated\">\n\t\t\t\t\t\t<section class=\"elementor-section elementor-inner-section elementor-element elementor-element-e21b6f1 elementor-section-boxed elementor-section-height-default elementor-section-height-default\" data-id=\"e21b6f1\" data-element_type=\"section\" data-e-type=\"section\">\n\t\t\t\t\t\t<div class=\"elementor-container elementor-column-gap-default\">\n\t\t\t\t\t<div class=\"elementor-column elementor-col-100 elementor-inner-column elementor-element elementor-element-ac32020\" data-id=\"ac32020\" data-element_type=\"column\" data-e-type=\"column\">\n\t\t\t<div class=\"elementor-widget-wrap elementor-element-populated\">\n\t\t\t\t\t\t<div class=\"elementor-element elementor-element-f3ea9b1 elementor-widget elementor-widget-heading\" data-id=\"f3ea9b1\" data-element_type=\"widget\" data-e-type=\"widget\" data-widget_type=\"heading.default\">\n\t\t\t\t<div class=\"elementor-widget-container\">\n\t\t\t\t\t<h1 class=\"elementor-heading-title elementor-size-default\">\u00c0 la carte<\/h1>\t\t\t\t<\/div>\n\t\t\t\t<\/div>\n\t\t\t\t\t<\/div>\n\t\t<\/div>\n\t\t\t\t\t<\/div>\n\t\t<\/section>\n\t\t\t\t<section class=\"elementor-section elementor-inner-section elementor-element elementor-element-df13f2c elementor-section-boxed elementor-section-height-default elementor-section-height-default\" data-id=\"df13f2c\" data-element_type=\"section\" data-e-type=\"section\">\n\t\t\t\t\t\t<div class=\"elementor-container elementor-column-gap-default\">\n\t\t\t\t\t<div class=\"elementor-column elementor-col-100 elementor-inner-column elementor-element elementor-element-054709d\" data-id=\"054709d\" data-element_type=\"column\" data-e-type=\"column\" data-settings=\"{&quot;background_background&quot;:&quot;classic&quot;}\">\n\t\t\t<div class=\"elementor-widget-wrap elementor-element-populated\">\n\t\t\t\t\t\t<div class=\"elementor-element elementor-element-60abd70 elementor-widget elementor-widget-text-editor\" data-id=\"60abd70\" data-element_type=\"widget\" data-e-type=\"widget\" data-widget_type=\"text-editor.default\">\n\t\t\t\t<div class=\"elementor-widget-container\">\n\t\t\t\t\t\t\t\t\t<p>El mejor producto de proximidad, en su mejor momento de consumo y tratado con el m\u00e1ximo respeto y veneraci\u00f3n, es el protagonista de una carta que incluye diferentes alternativas que van desde entrantes, sopas, cremas, verduras y legumbres entre los que se pueden encontrar guisos tradicionales con toques contempor\u00e1neos, como las lentejas estofadas con foie, hasta huevos, pastas, pescados y mariscos, o carnes y aves.<\/p><p>\u00a0<\/p><p>En resumen, Casa de Comidas ofrece diversas y deliciosas opciones con las que disfrutar de la alta gastronom\u00eda en su vertiente m\u00e1s popular, homenajeando los sabores y elaboraciones que han marcado la memoria culinaria de Rafa Zafra a trav\u00e9s de su visi\u00f3n hedonista y contempor\u00e1nea de la cocina.<\/p>\t\t\t\t\t\t\t\t<\/div>\n\t\t\t\t<\/div>\n\t\t\t\t<div class=\"elementor-element elementor-element-6d381a4 elementor-align-center botonleermasinterior elementor-widget elementor-widget-button\" data-id=\"6d381a4\" data-element_type=\"widget\" data-e-type=\"widget\" data-widget_type=\"button.default\">\n\t\t\t\t<div class=\"elementor-widget-container\">\n\t\t\t\t\t\t\t\t\t<div class=\"elementor-button-wrapper\">\n\t\t\t\t\t<a class=\"elementor-button elementor-button-link elementor-size-md\" href=\"https:\/\/carta.avocaty.io\/casa-de-comidas\" target=\"_blank\" rel=\"nofollow\">\n\t\t\t\t\t\t<span class=\"elementor-button-content-wrapper\">\n\t\t\t\t\t\t\t\t\t<span class=\"elementor-button-text\">MEN\u00da<\/span>\n\t\t\t\t\t<\/span>\n\t\t\t\t\t<\/a>\n\t\t\t\t<\/div>\n\t\t\t\t\t\t\t\t<\/div>\n\t\t\t\t<\/div>\n\t\t\t\t\t<\/div>\n\t\t<\/div>\n\t\t\t\t\t<\/div>\n\t\t<\/section>\n\t\t\t\t<section class=\"elementor-section elementor-inner-section elementor-element elementor-element-ffcae7c elementor-section-boxed elementor-section-height-default elementor-section-height-default\" data-id=\"ffcae7c\" data-element_type=\"section\" data-e-type=\"section\">\n\t\t\t\t\t\t<div class=\"elementor-container elementor-column-gap-default\">\n\t\t\t\t\t<div class=\"elementor-column elementor-col-100 elementor-inner-column elementor-element elementor-element-f522452\" data-id=\"f522452\" data-element_type=\"column\" data-e-type=\"column\">\n\t\t\t<div class=\"elementor-widget-wrap elementor-element-populated\">\n\t\t\t\t\t\t<div class=\"elementor-element elementor-element-7748653 elementor-widget elementor-widget-image\" data-id=\"7748653\" data-element_type=\"widget\" data-e-type=\"widget\" data-widget_type=\"image.default\">\n\t\t\t\t<div class=\"elementor-widget-container\">\n\t\t\t\t\t\t\t\t\t\t\t\t\t\t\t<img fetchpriority=\"high\" decoding=\"async\" width=\"2000\" height=\"1333\" src=\"https:\/\/www.casadecomidas-restaurante.com\/wp-content\/uploads\/sites\/14\/2024\/06\/20240516-NHCMADRIDEurobuilding_2953_V2.jpg\" class=\"attachment-full size-full wp-image-1876\" alt=\"\" srcset=\"https:\/\/www.casadecomidas-restaurante.com\/wp-content\/uploads\/sites\/14\/2024\/06\/20240516-NHCMADRIDEurobuilding_2953_V2.jpg 2000w, https:\/\/www.casadecomidas-restaurante.com\/wp-content\/uploads\/sites\/14\/2024\/06\/20240516-NHCMADRIDEurobuilding_2953_V2-300x200.jpg 300w, https:\/\/www.casadecomidas-restaurante.com\/wp-content\/uploads\/sites\/14\/2024\/06\/20240516-NHCMADRIDEurobuilding_2953_V2-1024x682.jpg 1024w, https:\/\/www.casadecomidas-restaurante.com\/wp-content\/uploads\/sites\/14\/2024\/06\/20240516-NHCMADRIDEurobuilding_2953_V2-768x512.jpg 768w, https:\/\/www.casadecomidas-restaurante.com\/wp-content\/uploads\/sites\/14\/2024\/06\/20240516-NHCMADRIDEurobuilding_2953_V2-1536x1024.jpg 1536w\" sizes=\"(max-width: 2000px) 100vw, 2000px\" \/>\t\t\t\t\t\t\t\t\t\t\t\t\t\t\t<\/div>\n\t\t\t\t<\/div>\n\t\t\t\t\t<\/div>\n\t\t<\/div>\n\t\t\t\t\t<\/div>\n\t\t<\/section>\n\t\t\t\t\t<\/div>\n\t\t<\/div>\n\t\t\t\t\t<\/div>\n\t\t<\/section>\n\t\t\t\t<\/div>\n\t\t","protected":false},"excerpt":{"rendered":"<p>\u00c0 la carte El mejor producto de proximidad, en su mejor momento de consumo y tratado con el m\u00e1ximo respeto y veneraci\u00f3n, es el protagonista de una carta que incluye diferentes alternativas que van desde entrantes, sopas, cremas, verduras y legumbres entre los que se pueden encontrar guisos tradicionales con toques contempor\u00e1neos, como las lentejas [&hellip;]<\/p>\n","protected":false},"author":1,"featured_media":0,"parent":0,"menu_order":0,"comment_status":"closed","ping_status":"closed","template":"","meta":{"_acf_changed":false,"footnotes":""},"class_list":["post-2141","page","type-page","status-publish","hentry"],"acf":[],"yoast_head":"<!-- This site is optimized with the Yoast SEO plugin v27.4 - https:\/\/yoast.com\/product\/yoast-seo-wordpress\/ -->\n<title>\u00c0 la carte - Casa de Comidas<\/title>\n<meta name=\"robots\" content=\"index, follow, max-snippet:-1, max-image-preview:large, max-video-preview:-1\" \/>\n<link rel=\"canonical\" href=\"https:\/\/www.casadecomidas-restaurante.com\/es\/food\/\" \/>\n<meta property=\"og:locale\" content=\"es_ES\" \/>\n<meta property=\"og:type\" content=\"article\" \/>\n<meta property=\"og:title\" content=\"\u00c0 la carte - Casa de Comidas\" \/>\n<meta property=\"og:description\" content=\"\u00c0 la carte El mejor producto de proximidad, en su mejor momento de consumo y tratado con el m\u00e1ximo respeto y veneraci\u00f3n, es el protagonista de una carta que incluye diferentes alternativas que van desde entrantes, sopas, cremas, verduras y legumbres entre los que se pueden encontrar guisos tradicionales con toques contempor\u00e1neos, como las lentejas [&hellip;]\" \/>\n<meta property=\"og:url\" content=\"https:\/\/www.casadecomidas-restaurante.com\/es\/food\/\" \/>\n<meta property=\"og:site_name\" content=\"Casa de Comidas\" \/>\n<meta property=\"article:modified_time\" content=\"2024-07-08T10:17:34+00:00\" \/>\n<meta property=\"og:image\" content=\"https:\/\/www.casadecomidas-restaurante.com\/wp-content\/uploads\/sites\/14\/2024\/06\/20240516-NHCMADRIDEurobuilding_2953_V2.jpg\" \/>\n<script type=\"application\/ld+json\" class=\"yoast-schema-graph\">{\"@context\":\"https:\\\/\\\/schema.org\",\"@graph\":[{\"@type\":\"WebPage\",\"@id\":\"https:\\\/\\\/www.casadecomidas-restaurante.com\\\/es\\\/food\\\/\",\"url\":\"https:\\\/\\\/www.casadecomidas-restaurante.com\\\/es\\\/food\\\/\",\"name\":\"\u00c0 la carte - Casa de Comidas\",\"isPartOf\":{\"@id\":\"https:\\\/\\\/www.casadecomidas-restaurante.com\\\/es\\\/#website\"},\"primaryImageOfPage\":{\"@id\":\"https:\\\/\\\/www.casadecomidas-restaurante.com\\\/es\\\/food\\\/#primaryimage\"},\"image\":{\"@id\":\"https:\\\/\\\/www.casadecomidas-restaurante.com\\\/es\\\/food\\\/#primaryimage\"},\"thumbnailUrl\":\"https:\\\/\\\/www.casadecomidas-restaurante.com\\\/wp-content\\\/uploads\\\/sites\\\/14\\\/2024\\\/06\\\/20240516-NHCMADRIDEurobuilding_2953_V2.jpg\",\"datePublished\":\"2024-03-20T17:50:32+00:00\",\"dateModified\":\"2024-07-08T10:17:34+00:00\",\"breadcrumb\":{\"@id\":\"https:\\\/\\\/www.casadecomidas-restaurante.com\\\/es\\\/food\\\/#breadcrumb\"},\"inLanguage\":\"es\",\"potentialAction\":[{\"@type\":\"ReadAction\",\"target\":[\"https:\\\/\\\/www.casadecomidas-restaurante.com\\\/es\\\/food\\\/\"]}]},{\"@type\":\"ImageObject\",\"inLanguage\":\"es\",\"@id\":\"https:\\\/\\\/www.casadecomidas-restaurante.com\\\/es\\\/food\\\/#primaryimage\",\"url\":\"https:\\\/\\\/www.casadecomidas-restaurante.com\\\/wp-content\\\/uploads\\\/sites\\\/14\\\/2024\\\/06\\\/20240516-NHCMADRIDEurobuilding_2953_V2.jpg\",\"contentUrl\":\"https:\\\/\\\/www.casadecomidas-restaurante.com\\\/wp-content\\\/uploads\\\/sites\\\/14\\\/2024\\\/06\\\/20240516-NHCMADRIDEurobuilding_2953_V2.jpg\"},{\"@type\":\"BreadcrumbList\",\"@id\":\"https:\\\/\\\/www.casadecomidas-restaurante.com\\\/es\\\/food\\\/#breadcrumb\",\"itemListElement\":[{\"@type\":\"ListItem\",\"position\":1,\"name\":\"Home\",\"item\":\"https:\\\/\\\/www.casadecomidas-restaurante.com\\\/es\\\/\"},{\"@type\":\"ListItem\",\"position\":2,\"name\":\"\u00c0 la carte\"}]},{\"@type\":\"WebSite\",\"@id\":\"https:\\\/\\\/www.casadecomidas-restaurante.com\\\/es\\\/#website\",\"url\":\"https:\\\/\\\/www.casadecomidas-restaurante.com\\\/es\\\/\",\"name\":\"Casa de Comidas\",\"description\":\"\",\"potentialAction\":[{\"@type\":\"SearchAction\",\"target\":{\"@type\":\"EntryPoint\",\"urlTemplate\":\"https:\\\/\\\/www.casadecomidas-restaurante.com\\\/es\\\/?s={search_term_string}\"},\"query-input\":{\"@type\":\"PropertyValueSpecification\",\"valueRequired\":true,\"valueName\":\"search_term_string\"}}],\"inLanguage\":\"es\"}]}<\/script>\n<!-- \/ Yoast SEO plugin. -->","yoast_head_json":{"title":"\u00c0 la carte - Casa de Comidas","robots":{"index":"index","follow":"follow","max-snippet":"max-snippet:-1","max-image-preview":"max-image-preview:large","max-video-preview":"max-video-preview:-1"},"canonical":"https:\/\/www.casadecomidas-restaurante.com\/es\/food\/","og_locale":"es_ES","og_type":"article","og_title":"\u00c0 la carte - Casa de Comidas","og_description":"\u00c0 la carte El mejor producto de proximidad, en su mejor momento de consumo y tratado con el m\u00e1ximo respeto y veneraci\u00f3n, es el protagonista de una carta que incluye diferentes alternativas que van desde entrantes, sopas, cremas, verduras y legumbres entre los que se pueden encontrar guisos tradicionales con toques contempor\u00e1neos, como las lentejas [&hellip;]","og_url":"https:\/\/www.casadecomidas-restaurante.com\/es\/food\/","og_site_name":"Casa de Comidas","article_modified_time":"2024-07-08T10:17:34+00:00","og_image":[{"url":"https:\/\/www.casadecomidas-restaurante.com\/wp-content\/uploads\/sites\/14\/2024\/06\/20240516-NHCMADRIDEurobuilding_2953_V2.jpg","type":"","width":"","height":""}],"schema":{"@context":"https:\/\/schema.org","@graph":[{"@type":"WebPage","@id":"https:\/\/www.casadecomidas-restaurante.com\/es\/food\/","url":"https:\/\/www.casadecomidas-restaurante.com\/es\/food\/","name":"\u00c0 la carte - Casa de Comidas","isPartOf":{"@id":"https:\/\/www.casadecomidas-restaurante.com\/es\/#website"},"primaryImageOfPage":{"@id":"https:\/\/www.casadecomidas-restaurante.com\/es\/food\/#primaryimage"},"image":{"@id":"https:\/\/www.casadecomidas-restaurante.com\/es\/food\/#primaryimage"},"thumbnailUrl":"https:\/\/www.casadecomidas-restaurante.com\/wp-content\/uploads\/sites\/14\/2024\/06\/20240516-NHCMADRIDEurobuilding_2953_V2.jpg","datePublished":"2024-03-20T17:50:32+00:00","dateModified":"2024-07-08T10:17:34+00:00","breadcrumb":{"@id":"https:\/\/www.casadecomidas-restaurante.com\/es\/food\/#breadcrumb"},"inLanguage":"es","potentialAction":[{"@type":"ReadAction","target":["https:\/\/www.casadecomidas-restaurante.com\/es\/food\/"]}]},{"@type":"ImageObject","inLanguage":"es","@id":"https:\/\/www.casadecomidas-restaurante.com\/es\/food\/#primaryimage","url":"https:\/\/www.casadecomidas-restaurante.com\/wp-content\/uploads\/sites\/14\/2024\/06\/20240516-NHCMADRIDEurobuilding_2953_V2.jpg","contentUrl":"https:\/\/www.casadecomidas-restaurante.com\/wp-content\/uploads\/sites\/14\/2024\/06\/20240516-NHCMADRIDEurobuilding_2953_V2.jpg"},{"@type":"BreadcrumbList","@id":"https:\/\/www.casadecomidas-restaurante.com\/es\/food\/#breadcrumb","itemListElement":[{"@type":"ListItem","position":1,"name":"Home","item":"https:\/\/www.casadecomidas-restaurante.com\/es\/"},{"@type":"ListItem","position":2,"name":"\u00c0 la carte"}]},{"@type":"WebSite","@id":"https:\/\/www.casadecomidas-restaurante.com\/es\/#website","url":"https:\/\/www.casadecomidas-restaurante.com\/es\/","name":"Casa de Comidas","description":"","potentialAction":[{"@type":"SearchAction","target":{"@type":"EntryPoint","urlTemplate":"https:\/\/www.casadecomidas-restaurante.com\/es\/?s={search_term_string}"},"query-input":{"@type":"PropertyValueSpecification","valueRequired":true,"valueName":"search_term_string"}}],"inLanguage":"es"}]}},"_links":{"self":[{"href":"https:\/\/www.casadecomidas-restaurante.com\/es\/wp-json\/wp\/v2\/pages\/2141","targetHints":{"allow":["GET"]}}],"collection":[{"href":"https:\/\/www.casadecomidas-restaurante.com\/es\/wp-json\/wp\/v2\/pages"}],"about":[{"href":"https:\/\/www.casadecomidas-restaurante.com\/es\/wp-json\/wp\/v2\/types\/page"}],"author":[{"embeddable":true,"href":"https:\/\/www.casadecomidas-restaurante.com\/es\/wp-json\/wp\/v2\/users\/1"}],"replies":[{"embeddable":true,"href":"https:\/\/www.casadecomidas-restaurante.com\/es\/wp-json\/wp\/v2\/comments?post=2141"}],"version-history":[{"count":10,"href":"https:\/\/www.casadecomidas-restaurante.com\/es\/wp-json\/wp\/v2\/pages\/2141\/revisions"}],"predecessor-version":[{"id":2194,"href":"https:\/\/www.casadecomidas-restaurante.com\/es\/wp-json\/wp\/v2\/pages\/2141\/revisions\/2194"}],"wp:attachment":[{"href":"https:\/\/www.casadecomidas-restaurante.com\/es\/wp-json\/wp\/v2\/media?parent=2141"}],"curies":[{"name":"wp","href":"https:\/\/api.w.org\/{rel}","templated":true}]}}