{"id":1673,"date":"2024-05-21T13:16:54","date_gmt":"2024-05-21T11:16:54","guid":{"rendered":"https:\/\/www.casadecomidas-restaurante.com\/?page_id=1673"},"modified":"2024-05-29T10:30:21","modified_gmt":"2024-05-29T08:30:21","slug":"coming-soon","status":"publish","type":"page","link":"https:\/\/www.casadecomidas-restaurante.com\/en\/coming-soon\/","title":{"rendered":"Coming Soon"},"content":{"rendered":"\t\t<div data-elementor-type=\"wp-page\" data-elementor-id=\"1673\" class=\"elementor elementor-1673\">\n\t\t\t\t\t\t<section class=\"elementor-section elementor-top-section elementor-element elementor-element-340cf42 elementor-section-boxed elementor-section-height-default elementor-section-height-default\" data-id=\"340cf42\" data-element_type=\"section\" data-e-type=\"section\">\n\t\t\t\t\t\t<div class=\"elementor-container elementor-column-gap-default\">\n\t\t\t\t\t<div class=\"elementor-column elementor-col-100 elementor-top-column elementor-element elementor-element-e606f68\" data-id=\"e606f68\" data-element_type=\"column\" data-e-type=\"column\">\n\t\t\t<div class=\"elementor-widget-wrap elementor-element-populated\">\n\t\t\t\t\t\t<div class=\"elementor-element elementor-element-a6c7a51 elementor-widget elementor-widget-html\" data-id=\"a6c7a51\" data-element_type=\"widget\" data-e-type=\"widget\" data-widget_type=\"html.default\">\n\t\t\t\t<div class=\"elementor-widget-container\">\n\t\t\t\t\t<style>\nbody {\nfont-family: 'ABCGravity' !important;\n}    \nheader nav, header .btn-header, header .languageswitch, footer {\n    display: none !important;\n}\nbody, header {\n    background-color: #d0d6c5;\n}\nheader .navbar-brand img {\n    height: 60px;\n    width: auto;\n    margin-left: 340px;\n}\n.elementor-widget-button .elementor-button {\n    background-color: #d0d6c5 !important;\n    border: 1px solid #727672 !important;\n    color: #141818 !important;\n    max-width: 350px !important;\n}\nbody .coming-soon-2 p, body .coming-soon-2 p span, footer a, .coming-soon-2 .elementor-widget-text-editor .elementor-widget-container {\n\tfont-family: 'ABCGaisyr' !important;\n}\nbody .coming-soon-proximamente span {\n    font-family: 'ABCGaisyr' !important;\n} \nbody .elementor-widget-button .elementor-button span span span {\n    font-family: 'ABCGaisyr' !important;\n    font-size: 20px !important;\n    font-weight: 200 !important;\n}\n.coming-soon-footer .elementor-widget-text, .coming-soon-footer a {\n    color: #141818;\n}\n.elementor-widget-button .elementor-button:before, header .btn-header:before {\n    background: none !important;\n}\n.elementor-button-link:after {\n    display: none;\n}\n.coming-soon-header {\n    display: none;\n}\n@media (min-width: 1600px) {\n    header .navbar-brand img {\n        height: 60px;\n        width: auto;\n        margin-left: 410px;\n    }\n}\n@media (max-width: 768px) {\nbody .elementor-button {\n    width: 300px !important;    margin: auto;\n} \n    \n<\/style>\t\t\t\t<\/div>\n\t\t\t\t<\/div>\n\t\t\t\t\t<\/div>\n\t\t<\/div>\n\t\t\t\t\t<\/div>\n\t\t<\/section>\n\t\t\t\t<section class=\"elementor-section elementor-top-section elementor-element elementor-element-2609ca5 coming-soon-header elementor-section-boxed elementor-section-height-default elementor-section-height-default\" data-id=\"2609ca5\" data-element_type=\"section\" data-e-type=\"section\">\n\t\t\t\t\t\t<div class=\"elementor-container elementor-column-gap-default\">\n\t\t\t\t\t<div class=\"elementor-column elementor-col-100 elementor-top-column elementor-element elementor-element-c30e472\" data-id=\"c30e472\" data-element_type=\"column\" data-e-type=\"column\">\n\t\t\t<div class=\"elementor-widget-wrap elementor-element-populated\">\n\t\t\t\t\t\t<div class=\"elementor-element elementor-element-2146f21 elementor-widget elementor-widget-image\" data-id=\"2146f21\" data-element_type=\"widget\" data-e-type=\"widget\" data-widget_type=\"image.default\">\n\t\t\t\t<div class=\"elementor-widget-container\">\n\t\t\t\t\t\t\t\t\t\t\t\t\t\t\t<img decoding=\"async\" width=\"229\" height=\"100\" src=\"https:\/\/www.casadecomidas-restaurante.com\/wp-content\/uploads\/sites\/14\/2024\/05\/casa-de-comidas-logo.png\" class=\"attachment-large size-large wp-image-1670\" alt=\"\" \/>\t\t\t\t\t\t\t\t\t\t\t\t\t\t\t<\/div>\n\t\t\t\t<\/div>\n\t\t\t\t\t<\/div>\n\t\t<\/div>\n\t\t\t\t\t<\/div>\n\t\t<\/section>\n\t\t\t\t<section class=\"elementor-section elementor-top-section elementor-element elementor-element-5b372a3 coming-soon-1 elementor-section-boxed elementor-section-height-default elementor-section-height-default\" data-id=\"5b372a3\" data-element_type=\"section\" data-e-type=\"section\">\n\t\t\t\t\t\t<div class=\"elementor-container elementor-column-gap-default\">\n\t\t\t\t\t<div class=\"elementor-column elementor-col-100 elementor-top-column elementor-element elementor-element-433c617\" data-id=\"433c617\" data-element_type=\"column\" data-e-type=\"column\">\n\t\t\t<div class=\"elementor-widget-wrap elementor-element-populated\">\n\t\t\t\t\t\t<div class=\"elementor-element elementor-element-35661a0 elementor-widget elementor-widget-text-editor\" data-id=\"35661a0\" data-element_type=\"widget\" data-e-type=\"widget\" data-widget_type=\"text-editor.default\">\n\t\t\t\t<div class=\"elementor-widget-container\">\n\t\t\t\t\t\t\t\t\t<p>\u00a1Un nuevo concepto gastron\u00f3mico ha llegado a la capital!<br \/>Prep\u00e1rate para descubrir la aut\u00e9ntica cocina espa\u00f1ola en un ambiente \u00fanico y acogedor.<\/p><p>\u00a0<\/p><p>Casa de Comidas es una oda al producto de temporada que bebe de la cocina tradicional y le a\u00f1ade un toque actual y sofisticado. Un homenaje a las recetas y platos de siempre, con el sello inconfundible del chef Rafa Zafra.<\/p>\t\t\t\t\t\t\t\t<\/div>\n\t\t\t\t<\/div>\n\t\t\t\t\t<\/div>\n\t\t<\/div>\n\t\t\t\t\t<\/div>\n\t\t<\/section>\n\t\t\t\t<section class=\"elementor-section elementor-top-section elementor-element elementor-element-ae0a574 coming-soon-2 elementor-section-boxed elementor-section-height-default elementor-section-height-default\" data-id=\"ae0a574\" data-element_type=\"section\" data-e-type=\"section\">\n\t\t\t\t\t\t<div class=\"elementor-container elementor-column-gap-default\">\n\t\t\t\t\t<div class=\"elementor-column elementor-col-100 elementor-top-column elementor-element elementor-element-996af4b\" data-id=\"996af4b\" data-element_type=\"column\" data-e-type=\"column\">\n\t\t\t<div class=\"elementor-widget-wrap elementor-element-populated\">\n\t\t\t\t\t\t<div class=\"elementor-element elementor-element-0f9b247 elementor-widget elementor-widget-text-editor\" data-id=\"0f9b247\" data-element_type=\"widget\" data-e-type=\"widget\" data-widget_type=\"text-editor.default\">\n\t\t\t\t<div class=\"elementor-widget-container\">\n\t\t\t\t\t\t\t\t\t<p>A new gastronomic concept has arrived in the capital! Get ready to discover the authentic Spanish Cuisine in a unique and cozy atmosphere.<\/p><p>\u00a0<\/p><p>Casa de Comidas is an ode to seasonal products that draw on traditional cuisine and add a modern and sophisticated touch. A tribute to traditional recipes and dishes, with the unmistakable seal of chef Rafa Zafra.<\/p>\t\t\t\t\t\t\t\t<\/div>\n\t\t\t\t<\/div>\n\t\t\t\t\t<\/div>\n\t\t<\/div>\n\t\t\t\t\t<\/div>\n\t\t<\/section>\n\t\t\t\t<section class=\"elementor-section elementor-top-section elementor-element elementor-element-b7ece9f elementor-section-boxed elementor-section-height-default elementor-section-height-default\" data-id=\"b7ece9f\" data-element_type=\"section\" data-e-type=\"section\">\n\t\t\t\t\t\t<div class=\"elementor-container elementor-column-gap-default\">\n\t\t\t\t\t<div class=\"elementor-column elementor-col-100 elementor-top-column elementor-element elementor-element-3b5383e\" data-id=\"3b5383e\" data-element_type=\"column\" data-e-type=\"column\">\n\t\t\t<div class=\"elementor-widget-wrap elementor-element-populated\">\n\t\t\t\t\t\t<div class=\"elementor-element elementor-element-a6febfa coming-soon-proximamente elementor-widget elementor-widget-text-editor\" data-id=\"a6febfa\" data-element_type=\"widget\" data-e-type=\"widget\" data-widget_type=\"text-editor.default\">\n\t\t\t\t<div class=\"elementor-widget-container\">\n\t\t\t\t\t\t\t\t\tWEB EN CONSTRUCCI\u00d3N \/ <span>WEB UNDER CONSTRUCTION<\/span>\t\t\t\t\t\t\t\t<\/div>\n\t\t\t\t<\/div>\n\t\t\t\t\t<\/div>\n\t\t<\/div>\n\t\t\t\t\t<\/div>\n\t\t<\/section>\n\t\t\t\t<section class=\"elementor-section elementor-top-section elementor-element elementor-element-68634db elementor-hidden-desktop elementor-hidden-tablet elementor-hidden-mobile elementor-section-boxed elementor-section-height-default elementor-section-height-default\" data-id=\"68634db\" data-element_type=\"section\" data-e-type=\"section\">\n\t\t\t\t\t\t<div class=\"elementor-container elementor-column-gap-default\">\n\t\t\t\t\t<div class=\"elementor-column elementor-col-33 elementor-top-column elementor-element elementor-element-4aab44c\" data-id=\"4aab44c\" data-element_type=\"column\" data-e-type=\"column\">\n\t\t\t<div class=\"elementor-widget-wrap elementor-element-populated\">\n\t\t\t\t\t\t<div class=\"elementor-element elementor-element-d583ba6 elementor-align-center elementor-hidden-desktop elementor-hidden-tablet elementor-hidden-mobile elementor-widget elementor-widget-button\" data-id=\"d583ba6\" data-element_type=\"widget\" data-e-type=\"widget\" data-widget_type=\"button.default\">\n\t\t\t\t<div class=\"elementor-widget-container\">\n\t\t\t\t\t\t\t\t\t<div class=\"elementor-button-wrapper\">\n\t\t\t\t\t<a class=\"elementor-button elementor-button-link elementor-size-sm\" href=\"#\">\n\t\t\t\t\t\t<span class=\"elementor-button-content-wrapper\">\n\t\t\t\t\t\t\t\t\t<span class=\"elementor-button-text\">Vinos<br><span>Wines<\/span><\/span>\n\t\t\t\t\t<\/span>\n\t\t\t\t\t<\/a>\n\t\t\t\t<\/div>\n\t\t\t\t\t\t\t\t<\/div>\n\t\t\t\t<\/div>\n\t\t\t\t\t<\/div>\n\t\t<\/div>\n\t\t\t\t<div class=\"elementor-column elementor-col-33 elementor-top-column elementor-element elementor-element-3edad08\" data-id=\"3edad08\" data-element_type=\"column\" data-e-type=\"column\">\n\t\t\t<div class=\"elementor-widget-wrap elementor-element-populated\">\n\t\t\t\t\t\t<div class=\"elementor-element elementor-element-4da1bdd elementor-align-center elementor-widget elementor-widget-button\" data-id=\"4da1bdd\" data-element_type=\"widget\" data-e-type=\"widget\" data-widget_type=\"button.default\">\n\t\t\t\t<div class=\"elementor-widget-container\">\n\t\t\t\t\t\t\t\t\t<div class=\"elementor-button-wrapper\">\n\t\t\t\t\t<a class=\"elementor-button elementor-button-link elementor-size-sm\" href=\"https:\/\/carta.avocaty.io\/casa-de-comidas\" target=\"_blank\" rel=\"nofollow\">\n\t\t\t\t\t\t<span class=\"elementor-button-content-wrapper\">\n\t\t\t\t\t\t\t\t\t<span class=\"elementor-button-text\">Carta<br><span>Menu<\/span><\/span>\n\t\t\t\t\t<\/span>\n\t\t\t\t\t<\/a>\n\t\t\t\t<\/div>\n\t\t\t\t\t\t\t\t<\/div>\n\t\t\t\t<\/div>\n\t\t\t\t\t<\/div>\n\t\t<\/div>\n\t\t\t\t<div class=\"elementor-column elementor-col-33 elementor-top-column elementor-element elementor-element-683705e\" data-id=\"683705e\" data-element_type=\"column\" data-e-type=\"column\">\n\t\t\t<div class=\"elementor-widget-wrap elementor-element-populated\">\n\t\t\t\t\t\t<div class=\"elementor-element elementor-element-9672ff1 elementor-align-center elementor-widget elementor-widget-button\" data-id=\"9672ff1\" data-element_type=\"widget\" data-e-type=\"widget\" data-widget_type=\"button.default\">\n\t\t\t\t<div class=\"elementor-widget-container\">\n\t\t\t\t\t\t\t\t\t<div class=\"elementor-button-wrapper\">\n\t\t\t\t\t<a class=\"elementor-button elementor-button-link elementor-size-sm\" href=\"https:\/\/www.covermanager.com\/reserve\/module_restaurant\/casadecomidas-nhcollection\/spanish\" target=\"_blank\" rel=\"nofollow\">\n\t\t\t\t\t\t<span class=\"elementor-button-content-wrapper\">\n\t\t\t\t\t\t\t\t\t<span class=\"elementor-button-text\">Reserva una mesa<br><span>Book a table<\/span><\/span>\n\t\t\t\t\t<\/span>\n\t\t\t\t\t<\/a>\n\t\t\t\t<\/div>\n\t\t\t\t\t\t\t\t<\/div>\n\t\t\t\t<\/div>\n\t\t\t\t\t<\/div>\n\t\t<\/div>\n\t\t\t\t\t<\/div>\n\t\t<\/section>\n\t\t\t\t<section class=\"elementor-section elementor-top-section elementor-element elementor-element-c392c49 elementor-section-boxed elementor-section-height-default elementor-section-height-default\" data-id=\"c392c49\" data-element_type=\"section\" data-e-type=\"section\">\n\t\t\t\t\t\t<div class=\"elementor-container elementor-column-gap-default\">\n\t\t\t\t\t<div class=\"elementor-column elementor-col-25 elementor-top-column elementor-element elementor-element-e0d4df8\" data-id=\"e0d4df8\" data-element_type=\"column\" data-e-type=\"column\">\n\t\t\t<div class=\"elementor-widget-wrap\">\n\t\t\t\t\t\t\t<\/div>\n\t\t<\/div>\n\t\t\t\t<div class=\"elementor-column elementor-col-25 elementor-top-column elementor-element elementor-element-5489a65\" data-id=\"5489a65\" data-element_type=\"column\" data-e-type=\"column\">\n\t\t\t<div class=\"elementor-widget-wrap elementor-element-populated\">\n\t\t\t\t\t\t<div class=\"elementor-element elementor-element-0250af9 elementor-align-center elementor-widget elementor-widget-button\" data-id=\"0250af9\" data-element_type=\"widget\" data-e-type=\"widget\" data-widget_type=\"button.default\">\n\t\t\t\t<div class=\"elementor-widget-container\">\n\t\t\t\t\t\t\t\t\t<div class=\"elementor-button-wrapper\">\n\t\t\t\t\t<a class=\"elementor-button elementor-button-link elementor-size-sm\" href=\"https:\/\/carta.avocaty.io\/casa-de-comidas\" target=\"_blank\" rel=\"nofollow\">\n\t\t\t\t\t\t<span class=\"elementor-button-content-wrapper\">\n\t\t\t\t\t\t\t\t\t<span class=\"elementor-button-text\">Carta<br><span>Menu<\/span><\/span>\n\t\t\t\t\t<\/span>\n\t\t\t\t\t<\/a>\n\t\t\t\t<\/div>\n\t\t\t\t\t\t\t\t<\/div>\n\t\t\t\t<\/div>\n\t\t\t\t\t<\/div>\n\t\t<\/div>\n\t\t\t\t<div class=\"elementor-column elementor-col-25 elementor-top-column elementor-element elementor-element-dfdcf71\" data-id=\"dfdcf71\" data-element_type=\"column\" data-e-type=\"column\">\n\t\t\t<div class=\"elementor-widget-wrap elementor-element-populated\">\n\t\t\t\t\t\t<div class=\"elementor-element elementor-element-f588105 elementor-align-center elementor-widget elementor-widget-button\" data-id=\"f588105\" data-element_type=\"widget\" data-e-type=\"widget\" data-widget_type=\"button.default\">\n\t\t\t\t<div class=\"elementor-widget-container\">\n\t\t\t\t\t\t\t\t\t<div class=\"elementor-button-wrapper\">\n\t\t\t\t\t<a class=\"elementor-button elementor-button-link elementor-size-sm\" href=\"https:\/\/www.covermanager.com\/reserve\/module_restaurant\/casadecomidas-nhcollection\/spanish\" target=\"_blank\" rel=\"nofollow\">\n\t\t\t\t\t\t<span class=\"elementor-button-content-wrapper\">\n\t\t\t\t\t\t\t\t\t<span class=\"elementor-button-text\">Reserva una mesa<br><span>Book a table<\/span><\/span>\n\t\t\t\t\t<\/span>\n\t\t\t\t\t<\/a>\n\t\t\t\t<\/div>\n\t\t\t\t\t\t\t\t<\/div>\n\t\t\t\t<\/div>\n\t\t\t\t\t<\/div>\n\t\t<\/div>\n\t\t\t\t<div class=\"elementor-column elementor-col-25 elementor-top-column elementor-element elementor-element-dcc5c38\" data-id=\"dcc5c38\" data-element_type=\"column\" data-e-type=\"column\">\n\t\t\t<div class=\"elementor-widget-wrap\">\n\t\t\t\t\t\t\t<\/div>\n\t\t<\/div>\n\t\t\t\t\t<\/div>\n\t\t<\/section>\n\t\t\t\t<section class=\"elementor-section elementor-top-section elementor-element elementor-element-3b52749 elementor-section-full_width coming-soon-footer elementor-section-height-default elementor-section-height-default\" data-id=\"3b52749\" data-element_type=\"section\" data-e-type=\"section\">\n\t\t\t\t\t\t<div class=\"elementor-container elementor-column-gap-default\">\n\t\t\t\t\t<div class=\"elementor-column elementor-col-50 elementor-top-column elementor-element elementor-element-94188b6\" data-id=\"94188b6\" data-element_type=\"column\" data-e-type=\"column\">\n\t\t\t<div class=\"elementor-widget-wrap elementor-element-populated\">\n\t\t\t\t\t\t<div class=\"elementor-element elementor-element-76c7b7d elementor-widget elementor-widget-text-editor\" data-id=\"76c7b7d\" data-element_type=\"widget\" data-e-type=\"widget\" data-widget_type=\"text-editor.default\">\n\t\t\t\t<div class=\"elementor-widget-container\">\n\t\t\t\t\t\t\t\t\t<p><a href=\"https:\/\/www.google.es\/maps\/place\/Hotel+NH+Collection+Madrid+Eurobuilding\/@40.4584175,-3.6885577,17z\/data=!3m1!4b1!4m9!3m8!1s0xd42291ee8a47523:0x694d36733a63ed29!5m2!4m1!1i2!8m2!3d40.4584134!4d-3.6859828!16s%2Fg%2F1td194dd?hl=es&amp;entry=ttu\" target=\"_blank\" rel=\"noopener\">C. del Padre Dami\u00e1n, 23<\/a><\/p><p><a href=\"_wp_link_placeholder\">28036 Madrid<\/a><\/p>\t\t\t\t\t\t\t\t<\/div>\n\t\t\t\t<\/div>\n\t\t\t\t\t<\/div>\n\t\t<\/div>\n\t\t\t\t<div class=\"elementor-column elementor-col-50 elementor-top-column elementor-element elementor-element-52ac784\" data-id=\"52ac784\" data-element_type=\"column\" data-e-type=\"column\">\n\t\t\t<div class=\"elementor-widget-wrap elementor-element-populated\">\n\t\t\t\t\t\t<div class=\"elementor-element elementor-element-2cf2b37 elementor-widget elementor-widget-text-editor\" data-id=\"2cf2b37\" data-element_type=\"widget\" data-e-type=\"widget\" data-widget_type=\"text-editor.default\">\n\t\t\t\t<div class=\"elementor-widget-container\">\n\t\t\t\t\t\t\t\t\t<p><a href=\"mailto:casadecomidas@nh-hotels.com\" target=\"_blank\" rel=\"noopener\">casadecomidas@nh-hotels.com<\/a><br \/><a href=\"tel:+34 913 456 160\" target=\"_blank\" rel=\"noopener\">+34 913 456 160<\/a><br \/>@CASADECOMIDASMADRID<\/p>\t\t\t\t\t\t\t\t<\/div>\n\t\t\t\t<\/div>\n\t\t\t\t\t<\/div>\n\t\t<\/div>\n\t\t\t\t\t<\/div>\n\t\t<\/section>\n\t\t\t\t<\/div>\n\t\t","protected":false},"excerpt":{"rendered":"<p>\u00a1Un nuevo concepto gastron\u00f3mico ha llegado a la capital!Prep\u00e1rate para descubrir la aut\u00e9ntica cocina espa\u00f1ola en un ambiente \u00fanico y acogedor. \u00a0 Casa de Comidas es una oda al producto de temporada que bebe de la cocina tradicional y le a\u00f1ade un toque actual y sofisticado. Un homenaje a las recetas y platos de siempre, [&hellip;]<\/p>\n","protected":false},"author":1,"featured_media":0,"parent":0,"menu_order":0,"comment_status":"closed","ping_status":"closed","template":"","meta":{"_acf_changed":false,"footnotes":""},"class_list":["post-1673","page","type-page","status-publish","hentry"],"acf":[],"yoast_head":"<!-- This site is optimized with the Yoast SEO plugin v27.4 - https:\/\/yoast.com\/product\/yoast-seo-wordpress\/ -->\n<title>Coming Soon - Casa de Comidas<\/title>\n<meta name=\"robots\" content=\"index, follow, max-snippet:-1, max-image-preview:large, max-video-preview:-1\" \/>\n<link rel=\"canonical\" href=\"https:\/\/www.casadecomidas-restaurante.com\/en\/coming-soon\/\" \/>\n<meta property=\"og:locale\" content=\"en_US\" \/>\n<meta property=\"og:type\" content=\"article\" \/>\n<meta property=\"og:title\" content=\"Coming Soon - Casa de Comidas\" \/>\n<meta property=\"og:description\" content=\"\u00a1Un nuevo concepto gastron\u00f3mico ha llegado a la capital!Prep\u00e1rate para descubrir la aut\u00e9ntica cocina espa\u00f1ola en un ambiente \u00fanico y acogedor. \u00a0 Casa de Comidas es una oda al producto de temporada que bebe de la cocina tradicional y le a\u00f1ade un toque actual y sofisticado. Un homenaje a las recetas y platos de siempre, [&hellip;]\" \/>\n<meta property=\"og:url\" content=\"https:\/\/www.casadecomidas-restaurante.com\/en\/coming-soon\/\" \/>\n<meta property=\"og:site_name\" content=\"Casa de Comidas\" \/>\n<meta property=\"article:modified_time\" content=\"2024-05-29T08:30:21+00:00\" \/>\n<meta property=\"og:image\" content=\"https:\/\/www.casadecomidas-restaurante.com\/wp-content\/uploads\/sites\/14\/2024\/05\/casa-de-comidas-logo.png\" \/>\n<script type=\"application\/ld+json\" class=\"yoast-schema-graph\">{\"@context\":\"https:\\\/\\\/schema.org\",\"@graph\":[{\"@type\":\"WebPage\",\"@id\":\"https:\\\/\\\/www.casadecomidas-restaurante.com\\\/en\\\/coming-soon\\\/\",\"url\":\"https:\\\/\\\/www.casadecomidas-restaurante.com\\\/en\\\/coming-soon\\\/\",\"name\":\"Coming Soon - Casa de Comidas\",\"isPartOf\":{\"@id\":\"https:\\\/\\\/www.casadecomidas-restaurante.com\\\/en\\\/#website\"},\"primaryImageOfPage\":{\"@id\":\"https:\\\/\\\/www.casadecomidas-restaurante.com\\\/en\\\/coming-soon\\\/#primaryimage\"},\"image\":{\"@id\":\"https:\\\/\\\/www.casadecomidas-restaurante.com\\\/en\\\/coming-soon\\\/#primaryimage\"},\"thumbnailUrl\":\"https:\\\/\\\/www.casadecomidas-restaurante.com\\\/wp-content\\\/uploads\\\/sites\\\/14\\\/2024\\\/05\\\/casa-de-comidas-logo.png\",\"datePublished\":\"2024-05-21T11:16:54+00:00\",\"dateModified\":\"2024-05-29T08:30:21+00:00\",\"breadcrumb\":{\"@id\":\"https:\\\/\\\/www.casadecomidas-restaurante.com\\\/en\\\/coming-soon\\\/#breadcrumb\"},\"inLanguage\":\"en-US\",\"potentialAction\":[{\"@type\":\"ReadAction\",\"target\":[\"https:\\\/\\\/www.casadecomidas-restaurante.com\\\/en\\\/coming-soon\\\/\"]}]},{\"@type\":\"ImageObject\",\"inLanguage\":\"en-US\",\"@id\":\"https:\\\/\\\/www.casadecomidas-restaurante.com\\\/en\\\/coming-soon\\\/#primaryimage\",\"url\":\"https:\\\/\\\/www.casadecomidas-restaurante.com\\\/wp-content\\\/uploads\\\/sites\\\/14\\\/2024\\\/05\\\/casa-de-comidas-logo.png\",\"contentUrl\":\"https:\\\/\\\/www.casadecomidas-restaurante.com\\\/wp-content\\\/uploads\\\/sites\\\/14\\\/2024\\\/05\\\/casa-de-comidas-logo.png\"},{\"@type\":\"BreadcrumbList\",\"@id\":\"https:\\\/\\\/www.casadecomidas-restaurante.com\\\/en\\\/coming-soon\\\/#breadcrumb\",\"itemListElement\":[{\"@type\":\"ListItem\",\"position\":1,\"name\":\"Home\",\"item\":\"https:\\\/\\\/www.casadecomidas-restaurante.com\\\/en\\\/\"},{\"@type\":\"ListItem\",\"position\":2,\"name\":\"Coming Soon\"}]},{\"@type\":\"WebSite\",\"@id\":\"https:\\\/\\\/www.casadecomidas-restaurante.com\\\/en\\\/#website\",\"url\":\"https:\\\/\\\/www.casadecomidas-restaurante.com\\\/en\\\/\",\"name\":\"Casa de Comidas\",\"description\":\"\",\"potentialAction\":[{\"@type\":\"SearchAction\",\"target\":{\"@type\":\"EntryPoint\",\"urlTemplate\":\"https:\\\/\\\/www.casadecomidas-restaurante.com\\\/en\\\/?s={search_term_string}\"},\"query-input\":{\"@type\":\"PropertyValueSpecification\",\"valueRequired\":true,\"valueName\":\"search_term_string\"}}],\"inLanguage\":\"en-US\"}]}<\/script>\n<!-- \/ Yoast SEO plugin. -->","yoast_head_json":{"title":"Coming Soon - Casa de Comidas","robots":{"index":"index","follow":"follow","max-snippet":"max-snippet:-1","max-image-preview":"max-image-preview:large","max-video-preview":"max-video-preview:-1"},"canonical":"https:\/\/www.casadecomidas-restaurante.com\/en\/coming-soon\/","og_locale":"en_US","og_type":"article","og_title":"Coming Soon - Casa de Comidas","og_description":"\u00a1Un nuevo concepto gastron\u00f3mico ha llegado a la capital!Prep\u00e1rate para descubrir la aut\u00e9ntica cocina espa\u00f1ola en un ambiente \u00fanico y acogedor. \u00a0 Casa de Comidas es una oda al producto de temporada que bebe de la cocina tradicional y le a\u00f1ade un toque actual y sofisticado. Un homenaje a las recetas y platos de siempre, [&hellip;]","og_url":"https:\/\/www.casadecomidas-restaurante.com\/en\/coming-soon\/","og_site_name":"Casa de Comidas","article_modified_time":"2024-05-29T08:30:21+00:00","og_image":[{"url":"https:\/\/www.casadecomidas-restaurante.com\/wp-content\/uploads\/sites\/14\/2024\/05\/casa-de-comidas-logo.png","type":"","width":"","height":""}],"schema":{"@context":"https:\/\/schema.org","@graph":[{"@type":"WebPage","@id":"https:\/\/www.casadecomidas-restaurante.com\/en\/coming-soon\/","url":"https:\/\/www.casadecomidas-restaurante.com\/en\/coming-soon\/","name":"Coming Soon - Casa de Comidas","isPartOf":{"@id":"https:\/\/www.casadecomidas-restaurante.com\/en\/#website"},"primaryImageOfPage":{"@id":"https:\/\/www.casadecomidas-restaurante.com\/en\/coming-soon\/#primaryimage"},"image":{"@id":"https:\/\/www.casadecomidas-restaurante.com\/en\/coming-soon\/#primaryimage"},"thumbnailUrl":"https:\/\/www.casadecomidas-restaurante.com\/wp-content\/uploads\/sites\/14\/2024\/05\/casa-de-comidas-logo.png","datePublished":"2024-05-21T11:16:54+00:00","dateModified":"2024-05-29T08:30:21+00:00","breadcrumb":{"@id":"https:\/\/www.casadecomidas-restaurante.com\/en\/coming-soon\/#breadcrumb"},"inLanguage":"en-US","potentialAction":[{"@type":"ReadAction","target":["https:\/\/www.casadecomidas-restaurante.com\/en\/coming-soon\/"]}]},{"@type":"ImageObject","inLanguage":"en-US","@id":"https:\/\/www.casadecomidas-restaurante.com\/en\/coming-soon\/#primaryimage","url":"https:\/\/www.casadecomidas-restaurante.com\/wp-content\/uploads\/sites\/14\/2024\/05\/casa-de-comidas-logo.png","contentUrl":"https:\/\/www.casadecomidas-restaurante.com\/wp-content\/uploads\/sites\/14\/2024\/05\/casa-de-comidas-logo.png"},{"@type":"BreadcrumbList","@id":"https:\/\/www.casadecomidas-restaurante.com\/en\/coming-soon\/#breadcrumb","itemListElement":[{"@type":"ListItem","position":1,"name":"Home","item":"https:\/\/www.casadecomidas-restaurante.com\/en\/"},{"@type":"ListItem","position":2,"name":"Coming Soon"}]},{"@type":"WebSite","@id":"https:\/\/www.casadecomidas-restaurante.com\/en\/#website","url":"https:\/\/www.casadecomidas-restaurante.com\/en\/","name":"Casa de Comidas","description":"","potentialAction":[{"@type":"SearchAction","target":{"@type":"EntryPoint","urlTemplate":"https:\/\/www.casadecomidas-restaurante.com\/en\/?s={search_term_string}"},"query-input":{"@type":"PropertyValueSpecification","valueRequired":true,"valueName":"search_term_string"}}],"inLanguage":"en-US"}]}},"_links":{"self":[{"href":"https:\/\/www.casadecomidas-restaurante.com\/en\/wp-json\/wp\/v2\/pages\/1673","targetHints":{"allow":["GET"]}}],"collection":[{"href":"https:\/\/www.casadecomidas-restaurante.com\/en\/wp-json\/wp\/v2\/pages"}],"about":[{"href":"https:\/\/www.casadecomidas-restaurante.com\/en\/wp-json\/wp\/v2\/types\/page"}],"author":[{"embeddable":true,"href":"https:\/\/www.casadecomidas-restaurante.com\/en\/wp-json\/wp\/v2\/users\/1"}],"replies":[{"embeddable":true,"href":"https:\/\/www.casadecomidas-restaurante.com\/en\/wp-json\/wp\/v2\/comments?post=1673"}],"version-history":[{"count":114,"href":"https:\/\/www.casadecomidas-restaurante.com\/en\/wp-json\/wp\/v2\/pages\/1673\/revisions"}],"predecessor-version":[{"id":1801,"href":"https:\/\/www.casadecomidas-restaurante.com\/en\/wp-json\/wp\/v2\/pages\/1673\/revisions\/1801"}],"wp:attachment":[{"href":"https:\/\/www.casadecomidas-restaurante.com\/en\/wp-json\/wp\/v2\/media?parent=1673"}],"curies":[{"name":"wp","href":"https:\/\/api.w.org\/{rel}","templated":true}]}}